{"id":7,"date":"2025-05-17T17:13:08","date_gmt":"2025-05-17T17:13:08","guid":{"rendered":"http:\/\/mindfulnessmbsr.sk\/?page_id=7"},"modified":"2026-03-21T11:01:23","modified_gmt":"2026-03-21T11:01:23","slug":"vsimavost","status":"publish","type":"page","link":"https:\/\/mindfulnessmbsr.sk\/","title":{"rendered":"V\u0161\u00edmavos\u0165"},"content":{"rendered":"\t\t<div data-elementor-type=\"wp-page\" data-elementor-id=\"7\" class=\"elementor elementor-7\" data-elementor-settings=\"{&quot;ha_cmc_init_switcher&quot;:&quot;no&quot;}\">\n\t\t\t\t\t\t<section class=\"elementor-section elementor-top-section elementor-element elementor-element-56ff5e9d0 elementor-section-boxed elementor-section-height-default elementor-section-height-default wpr-particle-no wpr-jarallax-no wpr-parallax-no wpr-sticky-section-no\" data-id=\"56ff5e9d0\" data-element_type=\"section\" id=\"home\" data-settings=\"{&quot;background_background&quot;:&quot;classic&quot;,&quot;_ha_eqh_enable&quot;:false}\">\n\t\t\t\t\t\t<div class=\"elementor-container elementor-column-gap-default\">\n\t\t\t\t\t<div class=\"elementor-column elementor-col-50 elementor-top-column elementor-element elementor-element-79a801c4\" data-id=\"79a801c4\" data-element_type=\"column\">\n\t\t\t<div class=\"elementor-widget-wrap elementor-element-populated\">\n\t\t\t\t\t\t<div class=\"elementor-element elementor-element-67aa0211 wpr-advanced-text-style-highlighted wpr-animated-text-infinite-yes elementor-widget elementor-widget-wpr-advanced-text\" data-id=\"67aa0211\" data-element_type=\"widget\" data-settings=\"{&quot;anim_loop&quot;:&quot;yes&quot;}\" data-widget_type=\"wpr-advanced-text.default\">\n\t\t\t\t<div class=\"elementor-widget-container\">\n\t\t\t\t\t\n\t\t<h3 class=\"wpr-advanced-text\">\n\n\t\t\t\t\t\n\t\t\t\t\t\t\t<span class=\"wpr-advanced-text-preffix\">Ingrid \u0160imonov\u00e1<\/span>\n\t\t\t\n\t\t<span class=\"wpr-highlighted-text\">\n\t\t\t\t\t\n\t\t\t<span class=\"wpr-highlighted-text-inner\">Mindfulness MBSR<\/span>\n\n\t\t\t<svg xmlns=\"http:\/\/www.w3.org\/2000\/svg\" viewBox=\"0 0 500 150\" class=\"wpr-highlight-double\" preserveAspectRatio=\"none\">\n\t\t\t\t\t\t\t\t<path d=\"M.58,16s93-15.56,303-12c118,2,180,12,180,12\"><\/path>\n\t\t\t\t\t\t\t\t<path d=\"M.58,127s93-13.31,303.15-10.26C421.79,118.48,483.83,127,483.83,127\"><\/path>\n\t\t\t\t\t\t\t<\/svg>\n\t\t\t\t\t<\/span>\n\t\t\t\t\n\t\t<\/h3>\n\t\t\n\t\t\t\t\t\t<\/div>\n\t\t\t\t<\/div>\n\t\t\t\t<div class=\"elementor-element elementor-element-bcea11d elementor-widget elementor-widget-text-editor\" data-id=\"bcea11d\" data-element_type=\"widget\" data-widget_type=\"text-editor.default\">\n\t\t\t\t<div class=\"elementor-widget-container\">\n\t\t\t\t\t\t\t\t\t<p>Po\u010das svojej dlhoro\u010dnej praxe som sa stret\u00e1vala s mno\u017estvom pr\u00edbehov det\u00ed a ich rod\u00edn. Vn\u00edmala som, ak\u00fdmi n\u00e1ro\u010dn\u00fdmi situ\u00e1ciami si mnoh\u00e9 z nich prech\u00e1dzali a ako ve\u013emi by im pomohlo, keby mali mo\u017enos\u0165 v bezpe\u010dnom a prij\u00edmaj\u00facom prostred\u00ed porozumie\u0165 samy sebe, svojim em\u00f3ci\u00e1m a n\u00e1js\u0165 vn\u00fatorn\u00fd pokoj.<\/p><p>Aj ja sama som si pre\u0161la obdob\u00edm, ktor\u00e9 ma priviedlo k mindfulness \u2013 a pr\u00e1ve v \u0148om som na\u0161la oporu, rovnov\u00e1hu a zmysel. T\u00e1to osobn\u00e1 sk\u00fasenos\u0165 ma in\u0161pirovala nato\u013eko, \u017ee som sa rozhodla vyda\u0165 novou cestou, na ktorej m\u00f4\u017eem odovzd\u00e1va\u0165 svoje sk\u00fasenosti, vedomosti a n\u00e1stroje pre du\u0161evn\u00fa pohodu \u010falej \u2013 de\u0165om, mlad\u00fdm \u013eu\u010fom i ich rodi\u010dom.<\/p><p>Moja lektorsk\u00e1 \u010dinnos\u0165 prebieha pod z\u00e1\u0161titou ob\u010dianskeho zdru\u017eenia INKA 8, ktor\u00e9 sa venuje podpore zdrav\u00e9ho \u017eivotn\u00e9ho \u0161t\u00fdlu a holistick\u00e9mu pr\u00edstupu k zdraviu. Prostredn\u00edctvom neho realizujem kurzy mindfulness pre deti a ml\u00e1de\u017e aj lekcie tv\u00e1rovej jogy pre dospel\u00fdch \u2013 dve oblasti, ktor\u00e9 sp\u00e1ja vedom\u00e1 starostlivos\u0165 o telo, myse\u013e a vn\u00fatorn\u00fa pohodu.\u00a0\u00a0<\/p><p>P\u00f4sob\u00edm v Pie\u0161\u0165anoch a okol\u00ed.<br \/>Te\u0161\u00edm sa na stretnutie s vami.<\/p>\t\t\t\t\t\t\t\t<\/div>\n\t\t\t\t<\/div>\n\t\t\t\t\t<\/div>\n\t\t<\/div>\n\t\t\t\t<div class=\"elementor-column elementor-col-50 elementor-top-column elementor-element elementor-element-37913dfc\" data-id=\"37913dfc\" data-element_type=\"column\">\n\t\t\t<div class=\"elementor-widget-wrap elementor-element-populated\">\n\t\t\t\t\t\t<div class=\"elementor-element elementor-element-435f8b36 elementor-widget elementor-widget-image\" data-id=\"435f8b36\" data-element_type=\"widget\" data-widget_type=\"image.default\">\n\t\t\t\t<div class=\"elementor-widget-container\">\n\t\t\t\t\t\t\t\t\t\t\t\t\t\t\t<img fetchpriority=\"high\" decoding=\"async\" width=\"683\" height=\"1024\" src=\"http:\/\/mindfulnessmbsr.sk\/wp-content\/uploads\/2026\/03\/LMI7784-Edit-683x1024.jpg\" class=\"attachment-large size-large wp-image-822\" alt=\"\" srcset=\"http:\/\/mindfulnessmbsr.sk\/wp-content\/uploads\/2026\/03\/LMI7784-Edit-683x1024.jpg 683w, http:\/\/mindfulnessmbsr.sk\/wp-content\/uploads\/2026\/03\/LMI7784-Edit-200x300.jpg 200w, http:\/\/mindfulnessmbsr.sk\/wp-content\/uploads\/2026\/03\/LMI7784-Edit-768x1152.jpg 768w, http:\/\/mindfulnessmbsr.sk\/wp-content\/uploads\/2026\/03\/LMI7784-Edit-1024x1536.jpg 1024w, http:\/\/mindfulnessmbsr.sk\/wp-content\/uploads\/2026\/03\/LMI7784-Edit-1365x2048.jpg 1365w, http:\/\/mindfulnessmbsr.sk\/wp-content\/uploads\/2026\/03\/LMI7784-Edit-scaled.jpg 1707w\" sizes=\"(max-width: 683px) 100vw, 683px\" \/>\t\t\t\t\t\t\t\t\t\t\t\t\t\t\t<\/div>\n\t\t\t\t<\/div>\n\t\t\t\t\t<\/div>\n\t\t<\/div>\n\t\t\t\t\t<\/div>\n\t\t<\/section>\n\t\t\t\t<section class=\"elementor-section elementor-top-section elementor-element elementor-element-63d0c10f elementor-hidden-mobile elementor-section-boxed elementor-section-height-default elementor-section-height-default wpr-particle-no wpr-jarallax-no wpr-parallax-no wpr-sticky-section-no\" data-id=\"63d0c10f\" data-element_type=\"section\" data-settings=\"{&quot;_ha_eqh_enable&quot;:false}\">\n\t\t\t\t\t\t\t<div class=\"elementor-background-overlay\"><\/div>\n\t\t\t\t\t\t\t<div class=\"elementor-container elementor-column-gap-default\">\n\t\t\t\t\t<div class=\"elementor-column elementor-col-100 elementor-top-column elementor-element elementor-element-473b7f28\" data-id=\"473b7f28\" data-element_type=\"column\">\n\t\t\t<div class=\"elementor-widget-wrap elementor-element-populated\">\n\t\t\t\t\t\t<div class=\"elementor-element elementor-element-76598851 elementor-widget elementor-widget-spacer\" data-id=\"76598851\" data-element_type=\"widget\" data-widget_type=\"spacer.default\">\n\t\t\t\t<div class=\"elementor-widget-container\">\n\t\t\t\t\t\t\t<div class=\"elementor-spacer\">\n\t\t\t<div class=\"elementor-spacer-inner\"><\/div>\n\t\t<\/div>\n\t\t\t\t\t\t<\/div>\n\t\t\t\t<\/div>\n\t\t\t\t\t<\/div>\n\t\t<\/div>\n\t\t\t\t\t<\/div>\n\t\t<\/section>\n\t\t\t\t<\/div>\n\t\t","protected":false},"excerpt":{"rendered":"<p>Ingrid \u0160imonov\u00e1 Mindfulness MBSR Po\u010das svojej dlhoro\u010dnej praxe som sa stret\u00e1vala s mno\u017estvom pr\u00edbehov det\u00ed a ich rod\u00edn. Vn\u00edmala som, ak\u00fdmi n\u00e1ro\u010dn\u00fdmi situ\u00e1ciami si mnoh\u00e9 z nich prech\u00e1dzali a ako ve\u013emi by im pomohlo, keby mali mo\u017enos\u0165 v bezpe\u010dnom a prij\u00edmaj\u00facom prostred\u00ed porozumie\u0165 samy sebe, svojim em\u00f3ci\u00e1m a n\u00e1js\u0165 vn\u00fatorn\u00fd pokoj. Aj ja sama som si pre\u0161la obdob\u00edm, ktor\u00e9 ma priviedlo k mindfulness \u2013 a pr\u00e1ve v \u0148om som na\u0161la oporu, rovnov\u00e1hu a zmysel. T\u00e1to osobn\u00e1 sk\u00fasenos\u0165 ma in\u0161pirovala nato\u013eko, \u017ee som sa rozhodla vyda\u0165 novou cestou, na ktorej m\u00f4\u017eem odovzd\u00e1va\u0165 svoje sk\u00fasenosti, vedomosti a n\u00e1stroje pre du\u0161evn\u00fa pohodu \u010falej \u2013 de\u0165om, mlad\u00fdm \u013eu\u010fom i ich rodi\u010dom. Moja lektorsk\u00e1 \u010dinnos\u0165 prebieha pod z\u00e1\u0161titou ob\u010dianskeho zdru\u017eenia INKA 8, ktor\u00e9 sa venuje podpore zdrav\u00e9ho \u017eivotn\u00e9ho \u0161t\u00fdlu a holistick\u00e9mu pr\u00edstupu k zdraviu. Prostredn\u00edctvom neho realizujem kurzy mindfulness pre deti a ml\u00e1de\u017e aj lekcie tv\u00e1rovej jogy pre dospel\u00fdch \u2013 dve oblasti, ktor\u00e9 sp\u00e1ja vedom\u00e1 starostlivos\u0165 o telo, myse\u013e a vn\u00fatorn\u00fa pohodu.\u00a0\u00a0 P\u00f4sob\u00edm v Pie\u0161\u0165anoch a okol\u00ed.Te\u0161\u00edm sa na stretnutie s vami.<\/p>\n","protected":false},"author":1,"featured_media":0,"parent":0,"menu_order":0,"comment_status":"closed","ping_status":"closed","template":"","meta":{"footnotes":""},"class_list":["post-7","page","type-page","status-publish","hentry"],"yoast_head":"<!-- This site is optimized with the Yoast SEO plugin v26.7 - https:\/\/yoast.com\/wordpress\/plugins\/seo\/ -->\n<title>V\u0161\u00edmavos\u0165 - Mindfulness MBSR<\/title>\n<meta name=\"robots\" content=\"index, follow, max-snippet:-1, max-image-preview:large, max-video-preview:-1\" \/>\n<link rel=\"canonical\" href=\"http:\/\/mindfulnessmbsr.sk\/\" \/>\n<meta property=\"og:locale\" content=\"sk_SK\" \/>\n<meta property=\"og:type\" content=\"article\" \/>\n<meta property=\"og:title\" content=\"V\u0161\u00edmavos\u0165 - Mindfulness MBSR\" \/>\n<meta property=\"og:description\" content=\"Ingrid \u0160imonov\u00e1 Mindfulness MBSR Po\u010das svojej dlhoro\u010dnej praxe som sa stret\u00e1vala s mno\u017estvom pr\u00edbehov det\u00ed a ich rod\u00edn. Vn\u00edmala som, ak\u00fdmi n\u00e1ro\u010dn\u00fdmi situ\u00e1ciami si mnoh\u00e9 z nich prech\u00e1dzali a ako ve\u013emi by im pomohlo, keby mali mo\u017enos\u0165 v bezpe\u010dnom a prij\u00edmaj\u00facom prostred\u00ed porozumie\u0165 samy sebe, svojim em\u00f3ci\u00e1m a n\u00e1js\u0165 vn\u00fatorn\u00fd pokoj. Aj ja sama som si pre\u0161la obdob\u00edm, ktor\u00e9 ma priviedlo k mindfulness \u2013 a pr\u00e1ve v \u0148om som na\u0161la oporu, rovnov\u00e1hu a zmysel. T\u00e1to osobn\u00e1 sk\u00fasenos\u0165 ma in\u0161pirovala nato\u013eko, \u017ee som sa rozhodla vyda\u0165 novou cestou, na ktorej m\u00f4\u017eem odovzd\u00e1va\u0165 svoje sk\u00fasenosti, vedomosti a n\u00e1stroje pre du\u0161evn\u00fa pohodu \u010falej \u2013 de\u0165om, mlad\u00fdm \u013eu\u010fom i ich rodi\u010dom. Moja lektorsk\u00e1 \u010dinnos\u0165 prebieha pod z\u00e1\u0161titou ob\u010dianskeho zdru\u017eenia INKA 8, ktor\u00e9 sa venuje podpore zdrav\u00e9ho \u017eivotn\u00e9ho \u0161t\u00fdlu a holistick\u00e9mu pr\u00edstupu k zdraviu. Prostredn\u00edctvom neho realizujem kurzy mindfulness pre deti a ml\u00e1de\u017e aj lekcie tv\u00e1rovej jogy pre dospel\u00fdch \u2013 dve oblasti, ktor\u00e9 sp\u00e1ja vedom\u00e1 starostlivos\u0165 o telo, myse\u013e a vn\u00fatorn\u00fa pohodu.\u00a0\u00a0 P\u00f4sob\u00edm v Pie\u0161\u0165anoch a okol\u00ed.Te\u0161\u00edm sa na stretnutie s vami.\" \/>\n<meta property=\"og:url\" content=\"http:\/\/mindfulnessmbsr.sk\/\" \/>\n<meta property=\"og:site_name\" content=\"Mindfulness MBSR\" \/>\n<meta property=\"article:modified_time\" content=\"2026-03-21T11:01:23+00:00\" \/>\n<meta property=\"og:image\" content=\"http:\/\/mindfulnessmbsr.sk\/wp-content\/uploads\/2026\/03\/LMI7784-Edit-683x1024.jpg\" \/>\n<meta name=\"twitter:card\" content=\"summary_large_image\" \/>\n<meta name=\"twitter:label1\" content=\"Predpokladan\u00fd \u010das \u010d\u00edtania\" \/>\n\t<meta name=\"twitter:data1\" content=\"2 min\u00faty\" \/>\n<script type=\"application\/ld+json\" class=\"yoast-schema-graph\">{\"@context\":\"https:\/\/schema.org\",\"@graph\":[{\"@type\":\"WebPage\",\"@id\":\"http:\/\/mindfulnessmbsr.sk\/\",\"url\":\"http:\/\/mindfulnessmbsr.sk\/\",\"name\":\"V\u0161\u00edmavos\u0165 - Mindfulness MBSR\",\"isPartOf\":{\"@id\":\"http:\/\/mindfulnessmbsr.sk\/#website\"},\"primaryImageOfPage\":{\"@id\":\"http:\/\/mindfulnessmbsr.sk\/#primaryimage\"},\"image\":{\"@id\":\"http:\/\/mindfulnessmbsr.sk\/#primaryimage\"},\"thumbnailUrl\":\"http:\/\/mindfulnessmbsr.sk\/wp-content\/uploads\/2026\/03\/LMI7784-Edit-683x1024.jpg\",\"datePublished\":\"2025-05-17T17:13:08+00:00\",\"dateModified\":\"2026-03-21T11:01:23+00:00\",\"breadcrumb\":{\"@id\":\"http:\/\/mindfulnessmbsr.sk\/#breadcrumb\"},\"inLanguage\":\"sk-SK\",\"potentialAction\":[{\"@type\":\"ReadAction\",\"target\":[\"http:\/\/mindfulnessmbsr.sk\/\"]}]},{\"@type\":\"ImageObject\",\"inLanguage\":\"sk-SK\",\"@id\":\"http:\/\/mindfulnessmbsr.sk\/#primaryimage\",\"url\":\"https:\/\/mindfulnessmbsr.sk\/wp-content\/uploads\/2026\/03\/LMI7784-Edit-scaled.jpg\",\"contentUrl\":\"https:\/\/mindfulnessmbsr.sk\/wp-content\/uploads\/2026\/03\/LMI7784-Edit-scaled.jpg\",\"width\":1707,\"height\":2560},{\"@type\":\"BreadcrumbList\",\"@id\":\"http:\/\/mindfulnessmbsr.sk\/#breadcrumb\",\"itemListElement\":[{\"@type\":\"ListItem\",\"position\":1,\"name\":\"Domovsk\u00e1 str\u00e1nka\",\"item\":\"http:\/\/mindfulnessmbsr.sk\/\"},{\"@type\":\"ListItem\",\"position\":2,\"name\":\"V\u0161\u00edmavos\u0165\"}]},{\"@type\":\"WebSite\",\"@id\":\"http:\/\/mindfulnessmbsr.sk\/#website\",\"url\":\"http:\/\/mindfulnessmbsr.sk\/\",\"name\":\"Mindfulness MBSR\",\"description\":\"Inka \u0160imonov\u00e1\",\"publisher\":{\"@id\":\"http:\/\/mindfulnessmbsr.sk\/#\/schema\/person\/252eac56c797013876c2c9e4dfba2235\"},\"potentialAction\":[{\"@type\":\"SearchAction\",\"target\":{\"@type\":\"EntryPoint\",\"urlTemplate\":\"http:\/\/mindfulnessmbsr.sk\/?s={search_term_string}\"},\"query-input\":{\"@type\":\"PropertyValueSpecification\",\"valueRequired\":true,\"valueName\":\"search_term_string\"}}],\"inLanguage\":\"sk-SK\"},{\"@type\":[\"Person\",\"Organization\"],\"@id\":\"http:\/\/mindfulnessmbsr.sk\/#\/schema\/person\/252eac56c797013876c2c9e4dfba2235\",\"name\":\"adminmm\",\"image\":{\"@type\":\"ImageObject\",\"inLanguage\":\"sk-SK\",\"@id\":\"http:\/\/mindfulnessmbsr.sk\/#\/schema\/person\/image\/\",\"url\":\"https:\/\/mindfulnessmbsr.sk\/wp-content\/uploads\/2025\/05\/logo_final_color.png\",\"contentUrl\":\"https:\/\/mindfulnessmbsr.sk\/wp-content\/uploads\/2025\/05\/logo_final_color.png\",\"width\":1435,\"height\":839,\"caption\":\"adminmm\"},\"logo\":{\"@id\":\"http:\/\/mindfulnessmbsr.sk\/#\/schema\/person\/image\/\"},\"sameAs\":[\"http:\/\/mindfulnessmbsr.sk\"]}]}<\/script>\n<!-- \/ Yoast SEO plugin. -->","yoast_head_json":{"title":"V\u0161\u00edmavos\u0165 - Mindfulness MBSR","robots":{"index":"index","follow":"follow","max-snippet":"max-snippet:-1","max-image-preview":"max-image-preview:large","max-video-preview":"max-video-preview:-1"},"canonical":"http:\/\/mindfulnessmbsr.sk\/","og_locale":"sk_SK","og_type":"article","og_title":"V\u0161\u00edmavos\u0165 - Mindfulness MBSR","og_description":"Ingrid \u0160imonov\u00e1 Mindfulness MBSR Po\u010das svojej dlhoro\u010dnej praxe som sa stret\u00e1vala s mno\u017estvom pr\u00edbehov det\u00ed a ich rod\u00edn. Vn\u00edmala som, ak\u00fdmi n\u00e1ro\u010dn\u00fdmi situ\u00e1ciami si mnoh\u00e9 z nich prech\u00e1dzali a ako ve\u013emi by im pomohlo, keby mali mo\u017enos\u0165 v bezpe\u010dnom a prij\u00edmaj\u00facom prostred\u00ed porozumie\u0165 samy sebe, svojim em\u00f3ci\u00e1m a n\u00e1js\u0165 vn\u00fatorn\u00fd pokoj. Aj ja sama som si pre\u0161la obdob\u00edm, ktor\u00e9 ma priviedlo k mindfulness \u2013 a pr\u00e1ve v \u0148om som na\u0161la oporu, rovnov\u00e1hu a zmysel. T\u00e1to osobn\u00e1 sk\u00fasenos\u0165 ma in\u0161pirovala nato\u013eko, \u017ee som sa rozhodla vyda\u0165 novou cestou, na ktorej m\u00f4\u017eem odovzd\u00e1va\u0165 svoje sk\u00fasenosti, vedomosti a n\u00e1stroje pre du\u0161evn\u00fa pohodu \u010falej \u2013 de\u0165om, mlad\u00fdm \u013eu\u010fom i ich rodi\u010dom. Moja lektorsk\u00e1 \u010dinnos\u0165 prebieha pod z\u00e1\u0161titou ob\u010dianskeho zdru\u017eenia INKA 8, ktor\u00e9 sa venuje podpore zdrav\u00e9ho \u017eivotn\u00e9ho \u0161t\u00fdlu a holistick\u00e9mu pr\u00edstupu k zdraviu. Prostredn\u00edctvom neho realizujem kurzy mindfulness pre deti a ml\u00e1de\u017e aj lekcie tv\u00e1rovej jogy pre dospel\u00fdch \u2013 dve oblasti, ktor\u00e9 sp\u00e1ja vedom\u00e1 starostlivos\u0165 o telo, myse\u013e a vn\u00fatorn\u00fa pohodu.\u00a0\u00a0 P\u00f4sob\u00edm v Pie\u0161\u0165anoch a okol\u00ed.Te\u0161\u00edm sa na stretnutie s vami.","og_url":"http:\/\/mindfulnessmbsr.sk\/","og_site_name":"Mindfulness MBSR","article_modified_time":"2026-03-21T11:01:23+00:00","og_image":[{"url":"http:\/\/mindfulnessmbsr.sk\/wp-content\/uploads\/2026\/03\/LMI7784-Edit-683x1024.jpg","type":"","width":"","height":""}],"twitter_card":"summary_large_image","twitter_misc":{"Predpokladan\u00fd \u010das \u010d\u00edtania":"2 min\u00faty"},"schema":{"@context":"https:\/\/schema.org","@graph":[{"@type":"WebPage","@id":"http:\/\/mindfulnessmbsr.sk\/","url":"http:\/\/mindfulnessmbsr.sk\/","name":"V\u0161\u00edmavos\u0165 - Mindfulness MBSR","isPartOf":{"@id":"http:\/\/mindfulnessmbsr.sk\/#website"},"primaryImageOfPage":{"@id":"http:\/\/mindfulnessmbsr.sk\/#primaryimage"},"image":{"@id":"http:\/\/mindfulnessmbsr.sk\/#primaryimage"},"thumbnailUrl":"http:\/\/mindfulnessmbsr.sk\/wp-content\/uploads\/2026\/03\/LMI7784-Edit-683x1024.jpg","datePublished":"2025-05-17T17:13:08+00:00","dateModified":"2026-03-21T11:01:23+00:00","breadcrumb":{"@id":"http:\/\/mindfulnessmbsr.sk\/#breadcrumb"},"inLanguage":"sk-SK","potentialAction":[{"@type":"ReadAction","target":["http:\/\/mindfulnessmbsr.sk\/"]}]},{"@type":"ImageObject","inLanguage":"sk-SK","@id":"http:\/\/mindfulnessmbsr.sk\/#primaryimage","url":"https:\/\/mindfulnessmbsr.sk\/wp-content\/uploads\/2026\/03\/LMI7784-Edit-scaled.jpg","contentUrl":"https:\/\/mindfulnessmbsr.sk\/wp-content\/uploads\/2026\/03\/LMI7784-Edit-scaled.jpg","width":1707,"height":2560},{"@type":"BreadcrumbList","@id":"http:\/\/mindfulnessmbsr.sk\/#breadcrumb","itemListElement":[{"@type":"ListItem","position":1,"name":"Domovsk\u00e1 str\u00e1nka","item":"http:\/\/mindfulnessmbsr.sk\/"},{"@type":"ListItem","position":2,"name":"V\u0161\u00edmavos\u0165"}]},{"@type":"WebSite","@id":"http:\/\/mindfulnessmbsr.sk\/#website","url":"http:\/\/mindfulnessmbsr.sk\/","name":"Mindfulness MBSR","description":"Inka \u0160imonov\u00e1","publisher":{"@id":"http:\/\/mindfulnessmbsr.sk\/#\/schema\/person\/252eac56c797013876c2c9e4dfba2235"},"potentialAction":[{"@type":"SearchAction","target":{"@type":"EntryPoint","urlTemplate":"http:\/\/mindfulnessmbsr.sk\/?s={search_term_string}"},"query-input":{"@type":"PropertyValueSpecification","valueRequired":true,"valueName":"search_term_string"}}],"inLanguage":"sk-SK"},{"@type":["Person","Organization"],"@id":"http:\/\/mindfulnessmbsr.sk\/#\/schema\/person\/252eac56c797013876c2c9e4dfba2235","name":"adminmm","image":{"@type":"ImageObject","inLanguage":"sk-SK","@id":"http:\/\/mindfulnessmbsr.sk\/#\/schema\/person\/image\/","url":"https:\/\/mindfulnessmbsr.sk\/wp-content\/uploads\/2025\/05\/logo_final_color.png","contentUrl":"https:\/\/mindfulnessmbsr.sk\/wp-content\/uploads\/2025\/05\/logo_final_color.png","width":1435,"height":839,"caption":"adminmm"},"logo":{"@id":"http:\/\/mindfulnessmbsr.sk\/#\/schema\/person\/image\/"},"sameAs":["http:\/\/mindfulnessmbsr.sk"]}]}},"_links":{"self":[{"href":"https:\/\/mindfulnessmbsr.sk\/index.php\/wp-json\/wp\/v2\/pages\/7","targetHints":{"allow":["GET"]}}],"collection":[{"href":"https:\/\/mindfulnessmbsr.sk\/index.php\/wp-json\/wp\/v2\/pages"}],"about":[{"href":"https:\/\/mindfulnessmbsr.sk\/index.php\/wp-json\/wp\/v2\/types\/page"}],"author":[{"embeddable":true,"href":"https:\/\/mindfulnessmbsr.sk\/index.php\/wp-json\/wp\/v2\/users\/1"}],"replies":[{"embeddable":true,"href":"https:\/\/mindfulnessmbsr.sk\/index.php\/wp-json\/wp\/v2\/comments?post=7"}],"version-history":[{"count":64,"href":"https:\/\/mindfulnessmbsr.sk\/index.php\/wp-json\/wp\/v2\/pages\/7\/revisions"}],"predecessor-version":[{"id":825,"href":"https:\/\/mindfulnessmbsr.sk\/index.php\/wp-json\/wp\/v2\/pages\/7\/revisions\/825"}],"wp:attachment":[{"href":"https:\/\/mindfulnessmbsr.sk\/index.php\/wp-json\/wp\/v2\/media?parent=7"}],"curies":[{"name":"wp","href":"https:\/\/api.w.org\/{rel}","templated":true}]}}